{"id":8974,"date":"2022-05-03T00:31:08","date_gmt":"2022-05-03T00:31:08","guid":{"rendered":"https:\/\/novo.colegiodafonte.pt\/pre-registration-success\/"},"modified":"2025-01-24T15:46:22","modified_gmt":"2025-01-24T15:46:22","slug":"pre-registration-success","status":"publish","type":"page","link":"https:\/\/colegiocatarinabraganca.pt\/en\/pre-registration-success\/","title":{"rendered":"Pre-registration success"},"content":{"rendered":"<p>[et_pb_section fb_built=&#8221;1&#8243; admin_label=&#8221;Section header&#8221; _builder_version=&#8221;4.27.4&#8243; background_color=&#8221;#EFCBC9&#8243; custom_margin=&#8221;||||false|false&#8221; custom_margin_tablet=&#8221;&#8221; custom_margin_phone=&#8221;0px|0px|0px|0px&#8221; custom_margin_last_edited=&#8221;on|desktop&#8221; custom_padding=&#8221;150px||200px||false|false&#8221; hover_enabled=&#8221;0&#8243; collapsed=&#8221;off&#8221; global_colors_info=&#8221;{}&#8221; sticky_enabled=&#8221;0&#8243;][et_pb_row column_structure=&#8221;1_2,1_2&#8243; _builder_version=&#8221;4.16&#8243; _module_preset=&#8221;default&#8221; global_colors_info=&#8221;{}&#8221;][et_pb_column type=&#8221;1_2&#8243; _builder_version=&#8221;4.16&#8243; _module_preset=&#8221;default&#8221; global_colors_info=&#8221;{}&#8221;][et_pb_text admin_label=&#8221;underline title&#8221; module_class=&#8221;underline-title&#8221; _builder_version=&#8221;4.16&#8243; text_font=&#8221;||||||||&#8221; header_font=&#8221;||||||||&#8221; header_2_font=&#8221;Bungee|||on|||||&#8221; header_2_text_align=&#8221;left&#8221; header_2_text_color=&#8221;#282828&#8243; header_2_font_size=&#8221;30px&#8221; header_2_letter_spacing=&#8221;4px&#8221; module_alignment=&#8221;center&#8221; custom_margin=&#8221;||10px|&#8221; custom_padding=&#8221;|||&#8221; animation_style=&#8221;fade&#8221; global_colors_info=&#8221;{}&#8221;]<\/p>\n<h2>Thank you for your contact!<\/h2>\n<p>[\/et_pb_text][et_pb_text admin_label=&#8221;section title and headline&#8221; _builder_version=&#8221;4.16&#8243; text_font=&#8221;||||||||&#8221; text_text_color=&#8221;#282828&#8243; text_font_size=&#8221;18px&#8221; header_font=&#8221;||||||||&#8221; header_text_color=&#8221;#282828&#8243; header_2_font=&#8221;Bungee|||on|||||&#8221; header_2_text_align=&#8221;center&#8221; header_2_text_color=&#8221;#282828&#8243; header_2_font_size=&#8221;30px&#8221; header_2_letter_spacing=&#8221;1px&#8221; header_2_line_height=&#8221;1.9rem&#8221; header_5_font=&#8221;||||||||&#8221; header_5_text_align=&#8221;center&#8221; header_5_text_color=&#8221;#282828&#8243; header_5_font_size=&#8221;14px&#8221; module_alignment=&#8221;center&#8221; custom_margin=&#8221;30px||10px||false|false&#8221; custom_padding=&#8221;||||false|false&#8221; animation_style=&#8221;fade&#8221; global_colors_info=&#8221;{}&#8221;]<\/p>\n<p>We will be in touch as soon as possible.<\/p>\n<p>[\/et_pb_text][et_pb_button button_url=&#8221;@ET-DC@eyJkeW5hbWljIjp0cnVlLCJjb250ZW50IjoiaG9tZV91cmwiLCJzZXR0aW5ncyI6eyJlbmFibGVfaHRtbCI6Im9mZiJ9fQ==@&#8221; button_text=&#8221;Homepage&#8221; button_alignment=&#8221;left&#8221; admin_label=&#8221;Ver mais button&#8221; module_id=&#8221;ver-mais-btn&#8221; _builder_version=&#8221;4.27.4&#8243; _dynamic_attributes=&#8221;button_url&#8221; _module_preset=&#8221;default&#8221; custom_button=&#8221;on&#8221; button_text_size=&#8221;14px&#8221; button_text_color=&#8221;#282828&#8243; button_bg_color=&#8221;RGBA(255,255,255,0)&#8221; button_border_color=&#8221;RGBA(255,255,255,0)&#8221; button_font=&#8221;|600|||||||&#8221; button_icon=&#8221;&#xe046;||divi||400&#8243; button_icon_color=&#8221;#BF3026&#8243; button_on_hover=&#8221;off&#8221; custom_padding=&#8221;|10%|||false|false&#8221; custom_padding_tablet=&#8221;|10%|||false|false&#8221; custom_padding_phone=&#8221;|16%|||false|false&#8221; custom_padding_last_edited=&#8221;on|phone&#8221; hover_enabled=&#8221;0&#8243; button_text_color_tablet=&#8221;#282828&#8243; button_text_color_phone=&#8221;#282828&#8243; button_text_color_last_edited=&#8221;on|desktop&#8221; global_colors_info=&#8221;{}&#8221; button_text_color__hover_enabled=&#8221;on|hover&#8221; button_text_color__hover=&#8221;#6d6d6d&#8221; button_icon_color__hover_enabled=&#8221;on|desktop&#8221; button_icon_color__hover=&#8221;#AF150A&#8221; sticky_enabled=&#8221;0&#8243;][\/et_pb_button][\/et_pb_column][et_pb_column type=&#8221;1_2&#8243; _builder_version=&#8221;4.16&#8243; _module_preset=&#8221;default&#8221; global_colors_info=&#8221;{}&#8221;][et_pb_text disabled_on=&#8221;on|on|on&#8221; admin_label=&#8221;Ver tudo link\/btn&#8221; module_class=&#8221;ver-tudo&#8221; _builder_version=&#8221;4.16&#8243; _module_preset=&#8221;default&#8221; link_font=&#8221;|600|||||||&#8221; link_text_color=&#8221;#282828&#8243; background_color=&#8221;RGBA(255,255,255,0)&#8221; text_orientation=&#8221;right&#8221; custom_margin=&#8221;|25px|||false|false&#8221; link_option_url=&#8221;#&#8221; custom_css_after=&#8221;\t  font-family: ETModules;||    float: right;||    content: %22%92E046%22;||    font-size: 25px;||    color: #D44635;||    position: relative;||    display: inline-table;||    bottom: 24px;||    right: 0px;||    transition: all .2s ease;||&#8221; disabled=&#8221;on&#8221; global_colors_info=&#8221;{}&#8221; link_text_color__hover_enabled=&#8221;on|hover&#8221; link_text_color__hover=&#8221;#4B4B4A&#8221;]<\/p>\n<p><a style=\"padding-right: 7%;\" href=\"#\">Read more<\/a><\/p>\n<p>[\/et_pb_text][\/et_pb_column][\/et_pb_row][\/et_pb_section]<\/p>\n","protected":false},"excerpt":{"rendered":"<p>Thank you for your contact!We will be in touch as soon as possible.Read more<\/p>\n","protected":false},"author":3,"featured_media":0,"parent":0,"menu_order":0,"comment_status":"closed","ping_status":"closed","template":"","meta":{"_acf_changed":false,"_et_pb_use_builder":"on","_et_pb_old_content":"","_et_gb_content_width":"","footnotes":""},"class_list":["post-8974","page","type-page","status-publish","hentry"],"acf":[],"yoast_head":"<!-- This site is optimized with the Yoast SEO plugin v26.9 - https:\/\/yoast.com\/product\/yoast-seo-wordpress\/ -->\n<title>Pre-registration success - Col\u00e9gio Catarina de Bragan\u00e7a<\/title>\n<meta name=\"robots\" content=\"index, follow, max-snippet:-1, max-image-preview:large, max-video-preview:-1\" \/>\n<link rel=\"canonical\" href=\"https:\/\/colegiocatarinabraganca.pt\/en\/pre-registration-success\/\" \/>\n<meta property=\"og:locale\" content=\"en_US\" \/>\n<meta property=\"og:type\" content=\"article\" \/>\n<meta property=\"og:title\" content=\"Pre-registration success - Col\u00e9gio Catarina de Bragan\u00e7a\" \/>\n<meta property=\"og:description\" content=\"Thank you for your contact!We will be in touch as soon as possible.Read more\" \/>\n<meta property=\"og:site_name\" content=\"Col\u00e9gio Catarina de Bragan\u00e7a\" \/>\n<meta property=\"article:publisher\" content=\"https:\/\/www.facebook.com\/p\/Colgio-Catarina-Bragana-100063812852547\/?locale=pt_PT\" \/>\n<meta property=\"article:modified_time\" content=\"2025-01-24T15:46:22+00:00\" \/>\n<meta name=\"twitter:card\" content=\"summary_large_image\" \/>\n<meta name=\"twitter:label1\" content=\"Est. reading time\" \/>\n\t<meta name=\"twitter:data1\" content=\"2 minutes\" \/>\n<script type=\"application\/ld+json\" class=\"yoast-schema-graph\">{\"@context\":\"https:\/\/schema.org\",\"@graph\":[{\"@type\":\"WebPage\",\"@id\":\"https:\/\/colegiocatarinabraganca.pt\/en\/pre-registration-success\/\",\"url\":\"https:\/\/colegiocatarinabraganca.pt\/en\/pre-registration-success\/\",\"name\":\"Pre-registration success - Col\u00e9gio Catarina de Bragan\u00e7a\",\"isPartOf\":{\"@id\":\"https:\/\/colegiocatarinabraganca.pt\/#website\"},\"datePublished\":\"2022-05-03T00:31:08+00:00\",\"dateModified\":\"2025-01-24T15:46:22+00:00\",\"breadcrumb\":{\"@id\":\"https:\/\/colegiocatarinabraganca.pt\/en\/pre-registration-success\/#breadcrumb\"},\"inLanguage\":\"en-US\",\"potentialAction\":[{\"@type\":\"ReadAction\",\"target\":[\"https:\/\/colegiocatarinabraganca.pt\/en\/pre-registration-success\/\"]}]},{\"@type\":\"BreadcrumbList\",\"@id\":\"https:\/\/colegiocatarinabraganca.pt\/en\/pre-registration-success\/#breadcrumb\",\"itemListElement\":[{\"@type\":\"ListItem\",\"position\":1,\"name\":\"Home\",\"item\":\"https:\/\/colegiocatarinabraganca.pt\/en\/home\/\"},{\"@type\":\"ListItem\",\"position\":2,\"name\":\"Pre-registration success\"}]},{\"@type\":\"WebSite\",\"@id\":\"https:\/\/colegiocatarinabraganca.pt\/#website\",\"url\":\"https:\/\/colegiocatarinabraganca.pt\/\",\"name\":\"Col\u00e9gio Catarina de Bragan\u00e7a\",\"description\":\"Juntos mudamos o Mundo\",\"publisher\":{\"@id\":\"https:\/\/colegiocatarinabraganca.pt\/#organization\"},\"potentialAction\":[{\"@type\":\"SearchAction\",\"target\":{\"@type\":\"EntryPoint\",\"urlTemplate\":\"https:\/\/colegiocatarinabraganca.pt\/?s={search_term_string}\"},\"query-input\":{\"@type\":\"PropertyValueSpecification\",\"valueRequired\":true,\"valueName\":\"search_term_string\"}}],\"inLanguage\":\"en-US\"},{\"@type\":\"Organization\",\"@id\":\"https:\/\/colegiocatarinabraganca.pt\/#organization\",\"name\":\"Col\u00e9gio Catarina de Bragan\u00e7a\",\"url\":\"https:\/\/colegiocatarinabraganca.pt\/\",\"logo\":{\"@type\":\"ImageObject\",\"inLanguage\":\"en-US\",\"@id\":\"https:\/\/colegiocatarinabraganca.pt\/#\/schema\/logo\/image\/\",\"url\":\"https:\/\/colegiocatarinabraganca.pt\/wp-content\/uploads\/2025\/01\/cropped-catarinabragancaicon-1.png\",\"contentUrl\":\"https:\/\/colegiocatarinabraganca.pt\/wp-content\/uploads\/2025\/01\/cropped-catarinabragancaicon-1.png\",\"width\":512,\"height\":512,\"caption\":\"Col\u00e9gio Catarina de Bragan\u00e7a\"},\"image\":{\"@id\":\"https:\/\/colegiocatarinabraganca.pt\/#\/schema\/logo\/image\/\"},\"sameAs\":[\"https:\/\/www.facebook.com\/p\/Colgio-Catarina-Bragana-100063812852547\/?locale=pt_PT\",\"https:\/\/www.instagram.com\/colegio_catarina_de_braganca\/\"]}]}<\/script>\n<!-- \/ Yoast SEO plugin. -->","yoast_head_json":{"title":"Pre-registration success - Col\u00e9gio Catarina de Bragan\u00e7a","robots":{"index":"index","follow":"follow","max-snippet":"max-snippet:-1","max-image-preview":"max-image-preview:large","max-video-preview":"max-video-preview:-1"},"canonical":"https:\/\/colegiocatarinabraganca.pt\/en\/pre-registration-success\/","og_locale":"en_US","og_type":"article","og_title":"Pre-registration success - Col\u00e9gio Catarina de Bragan\u00e7a","og_description":"Thank you for your contact!We will be in touch as soon as possible.Read more","og_site_name":"Col\u00e9gio Catarina de Bragan\u00e7a","article_publisher":"https:\/\/www.facebook.com\/p\/Colgio-Catarina-Bragana-100063812852547\/?locale=pt_PT","article_modified_time":"2025-01-24T15:46:22+00:00","twitter_card":"summary_large_image","twitter_misc":{"Est. reading time":"2 minutes"},"schema":{"@context":"https:\/\/schema.org","@graph":[{"@type":"WebPage","@id":"https:\/\/colegiocatarinabraganca.pt\/en\/pre-registration-success\/","url":"https:\/\/colegiocatarinabraganca.pt\/en\/pre-registration-success\/","name":"Pre-registration success - Col\u00e9gio Catarina de Bragan\u00e7a","isPartOf":{"@id":"https:\/\/colegiocatarinabraganca.pt\/#website"},"datePublished":"2022-05-03T00:31:08+00:00","dateModified":"2025-01-24T15:46:22+00:00","breadcrumb":{"@id":"https:\/\/colegiocatarinabraganca.pt\/en\/pre-registration-success\/#breadcrumb"},"inLanguage":"en-US","potentialAction":[{"@type":"ReadAction","target":["https:\/\/colegiocatarinabraganca.pt\/en\/pre-registration-success\/"]}]},{"@type":"BreadcrumbList","@id":"https:\/\/colegiocatarinabraganca.pt\/en\/pre-registration-success\/#breadcrumb","itemListElement":[{"@type":"ListItem","position":1,"name":"Home","item":"https:\/\/colegiocatarinabraganca.pt\/en\/home\/"},{"@type":"ListItem","position":2,"name":"Pre-registration success"}]},{"@type":"WebSite","@id":"https:\/\/colegiocatarinabraganca.pt\/#website","url":"https:\/\/colegiocatarinabraganca.pt\/","name":"Col\u00e9gio Catarina de Bragan\u00e7a","description":"Juntos mudamos o Mundo","publisher":{"@id":"https:\/\/colegiocatarinabraganca.pt\/#organization"},"potentialAction":[{"@type":"SearchAction","target":{"@type":"EntryPoint","urlTemplate":"https:\/\/colegiocatarinabraganca.pt\/?s={search_term_string}"},"query-input":{"@type":"PropertyValueSpecification","valueRequired":true,"valueName":"search_term_string"}}],"inLanguage":"en-US"},{"@type":"Organization","@id":"https:\/\/colegiocatarinabraganca.pt\/#organization","name":"Col\u00e9gio Catarina de Bragan\u00e7a","url":"https:\/\/colegiocatarinabraganca.pt\/","logo":{"@type":"ImageObject","inLanguage":"en-US","@id":"https:\/\/colegiocatarinabraganca.pt\/#\/schema\/logo\/image\/","url":"https:\/\/colegiocatarinabraganca.pt\/wp-content\/uploads\/2025\/01\/cropped-catarinabragancaicon-1.png","contentUrl":"https:\/\/colegiocatarinabraganca.pt\/wp-content\/uploads\/2025\/01\/cropped-catarinabragancaicon-1.png","width":512,"height":512,"caption":"Col\u00e9gio Catarina de Bragan\u00e7a"},"image":{"@id":"https:\/\/colegiocatarinabraganca.pt\/#\/schema\/logo\/image\/"},"sameAs":["https:\/\/www.facebook.com\/p\/Colgio-Catarina-Bragana-100063812852547\/?locale=pt_PT","https:\/\/www.instagram.com\/colegio_catarina_de_braganca\/"]}]}},"_links":{"self":[{"href":"https:\/\/colegiocatarinabraganca.pt\/en\/wp-json\/wp\/v2\/pages\/8974","targetHints":{"allow":["GET"]}}],"collection":[{"href":"https:\/\/colegiocatarinabraganca.pt\/en\/wp-json\/wp\/v2\/pages"}],"about":[{"href":"https:\/\/colegiocatarinabraganca.pt\/en\/wp-json\/wp\/v2\/types\/page"}],"author":[{"embeddable":true,"href":"https:\/\/colegiocatarinabraganca.pt\/en\/wp-json\/wp\/v2\/users\/3"}],"replies":[{"embeddable":true,"href":"https:\/\/colegiocatarinabraganca.pt\/en\/wp-json\/wp\/v2\/comments?post=8974"}],"version-history":[{"count":16,"href":"https:\/\/colegiocatarinabraganca.pt\/en\/wp-json\/wp\/v2\/pages\/8974\/revisions"}],"predecessor-version":[{"id":12757,"href":"https:\/\/colegiocatarinabraganca.pt\/en\/wp-json\/wp\/v2\/pages\/8974\/revisions\/12757"}],"wp:attachment":[{"href":"https:\/\/colegiocatarinabraganca.pt\/en\/wp-json\/wp\/v2\/media?parent=8974"}],"curies":[{"name":"wp","href":"https:\/\/api.w.org\/{rel}","templated":true}]}}