{"id":8945,"date":"2022-05-03T00:19:05","date_gmt":"2022-05-03T00:19:05","guid":{"rendered":"https:\/\/novo.colegiodafonte.pt\/privacy-policy\/"},"modified":"2025-11-28T15:42:59","modified_gmt":"2025-11-28T15:42:59","slug":"privacy-policy","status":"publish","type":"page","link":"https:\/\/colegiocatarinabraganca.pt\/en\/privacy-policy\/","title":{"rendered":"Privacy Policy"},"content":{"rendered":"<p>[et_pb_section fb_built=&#8221;1&#8243; admin_label=&#8221;Section header&#8221; _builder_version=&#8221;4.16&#8243; custom_margin=&#8221;20px|60px|20px|60px|false|false&#8221; custom_margin_tablet=&#8221;&#8221; custom_margin_phone=&#8221;0px|0px|0px|0px&#8221; custom_margin_last_edited=&#8221;on|desktop&#8221; custom_padding=&#8221;120px||30px||false|false&#8221; collapsed=&#8221;off&#8221; global_colors_info=&#8221;{}&#8221;][et_pb_row _builder_version=&#8221;4.16&#8243; _module_preset=&#8221;default&#8221; global_colors_info=&#8221;{}&#8221;][et_pb_column type=&#8221;4_4&#8243; _builder_version=&#8221;4.16&#8243; _module_preset=&#8221;default&#8221; global_colors_info=&#8221;{}&#8221;][et_pb_text admin_label=&#8221;section title and headline&#8221; _builder_version=&#8221;4.17.4&#8243; text_font=&#8221;||||||||&#8221; header_font=&#8221;||||||||&#8221; header_text_color=&#8221;#282828&#8243; header_2_font=&#8221;Bungee|||on|||||&#8221; header_2_text_align=&#8221;center&#8221; header_2_text_color=&#8221;#282828&#8243; header_2_font_size=&#8221;30px&#8221; header_2_letter_spacing=&#8221;1px&#8221; header_2_line_height=&#8221;1.9rem&#8221; header_5_font=&#8221;|||on|||||&#8221; header_5_text_align=&#8221;center&#8221; header_5_text_color=&#8221;#282828&#8243; header_5_font_size=&#8221;14px&#8221; module_alignment=&#8221;center&#8221; custom_margin=&#8221;||10px|&#8221; custom_padding=&#8221;||||false|false&#8221; animation_style=&#8221;fade&#8221; global_colors_info=&#8221;{}&#8221;]<\/p>\n<h5>Privacy Policy<\/h5>\n<h2>We respect your data<\/h2>\n<p>[\/et_pb_text][et_pb_text admin_label=&#8221;narrow text&#8221; _builder_version=&#8221;4.27.4&#8243; _module_preset=&#8221;default&#8221; text_font=&#8221;Heebo||||||||&#8221; text_text_color=&#8221;#282828&#8243; text_font_size=&#8221;18px&#8221; text_line_height=&#8221;1.6rem&#8221; header_text_color=&#8221;#282828&#8243; header_3_font=&#8221;Bungee||||||||&#8221; header_3_text_color=&#8221;#282828&#8243; header_3_font_size=&#8221;20px&#8221; header_3_line_height=&#8221;1.2em&#8221; custom_margin=&#8221;30px||||false|false&#8221; custom_padding=&#8221;|17%||20%|false|false&#8221; custom_padding_tablet=&#8221;|17%||20%|false|false&#8221; custom_padding_phone=&#8221;|5%||5%|false|false&#8221; custom_padding_last_edited=&#8221;on|phone&#8221; hover_enabled=&#8221;0&#8243; global_colors_info=&#8221;{}&#8221; sticky_enabled=&#8221;0&#8243;]<\/p>\n<p>Pursuant to Regulation (EU) 2016\/679 of 27 April 2016 (General Data Protection Regulation), Col\u00e9gio Catarina de Bragan\u00e7a informs that:<\/p>\n<h3><\/h3>\n<h3>Responsability of data processing<\/h3>\n<p>The personal data of users will be collected and processed by Col\u00e9gio Catarina de Bragan\u00e7a (PTB Education II, S.A., NIPC 515527718).<\/p>\n<h3><\/h3>\n<h3>Data collected<\/h3>\n<p>Only personal data of users intended for the purposes mentioned <em>below<\/em> will be collected.<\/p>\n<p>Examples of data collected on our website are the user\u2019s name, email address, telephone number or address, student\u2019s name and age, among others.<\/p>\n<h3><\/h3>\n<h3>Purpose of processing<\/h3>\n<p>User data are processed for the purposes of pre-contractual steps between users and Col\u00e9gio Catarina de Bragan\u00e7a, particularly for obtaining information or contractual conditions, scheduling visits or pre-enrollment in the educational establishment of Col\u00e9gio Catarina de Bragan\u00e7a.<\/p>\n<p>By providing their contacts, a user may be contacted by Col\u00e9gio Catarina de Bragan\u00e7a for marketing purposes related to its services, provided the user has consented to the processing of his\/her personal data for this purpose.<\/p>\n<p>Marketing communications may also be sent via e-mail, to which data processing the user can oppose at any time.<\/p>\n<h3><\/h3>\n<h3>Confidentiality<\/h3>\n<p>The data collected will be treated confidentially by Col\u00e9gio Catarina de Bragan\u00e7a and may not be sent or made available to third parties, unless this is imposed by administrative or judicial decision issued by the competent authorities of the Portuguese Republic;<\/p>\n<h3><\/h3>\n<h3>Storage of collected data<\/h3>\n<p>The personal data collected are kept for the time strictly necessary to ensure the purposes for which they were collected, except those that must be kept for a longer period, as a result of legal or administrative imposition;<\/p>\n<h3><\/h3>\n<h3>User\u2019s rights<\/h3>\n<p>In accordance with the applicable legislation, the exercise (i) of the rights of access, rectification, updating and deletion (\u201cright to be forgotten\u201d) of users\u2019 personal data is guaranteed at all times and they may, at any time, withdraw the consent given to the processing of their personal data and also oppose to their processing upon written request to Col\u00e9gio Catarina de Bragan\u00e7a, as well as (ii) the right to file a complaint with the National Data Protection Commission through legally established means;<\/p>\n<h3><\/h3>\n<h3>Consent<\/h3>\n<p>By acknowledging this Privacy and Data Protection Policy and accepting the corresponding Consent Statement, the user consents to the processing of his\/her personal data and those of the student in the terms identified in the preceding paragraphs.<\/p>\n<p>[\/et_pb_text][\/et_pb_column][\/et_pb_row][\/et_pb_section]<\/p>\n","protected":false},"excerpt":{"rendered":"<p>Privacy Policy We respect your dataPursuant to Regulation (EU) 2016\/679 of 27 April 2016 (General Data Protection Regulation), Col\u00e9gio Catarina de Bragan\u00e7a informs that: Responsability of data processing The personal data of users will be collected and processed by Col\u00e9gio Catarina de Bragan\u00e7a (PTB Education II, S.A., NIPC 515527718). Data collected Only personal data of [&hellip;]<\/p>\n","protected":false},"author":3,"featured_media":0,"parent":0,"menu_order":0,"comment_status":"closed","ping_status":"closed","template":"","meta":{"_acf_changed":false,"_et_pb_use_builder":"on","_et_pb_old_content":"","_et_gb_content_width":"","footnotes":""},"class_list":["post-8945","page","type-page","status-publish","hentry"],"acf":[],"yoast_head":"<!-- This site is optimized with the Yoast SEO plugin v26.9 - https:\/\/yoast.com\/product\/yoast-seo-wordpress\/ -->\n<title>Privacy Policy - Col\u00e9gio Catarina de Bragan\u00e7a<\/title>\n<meta name=\"robots\" content=\"index, follow, max-snippet:-1, max-image-preview:large, max-video-preview:-1\" \/>\n<link rel=\"canonical\" href=\"https:\/\/colegiocatarinabraganca.pt\/en\/privacy-policy\/\" \/>\n<meta property=\"og:locale\" content=\"en_US\" \/>\n<meta property=\"og:type\" content=\"article\" \/>\n<meta property=\"og:title\" content=\"Privacy Policy - Col\u00e9gio Catarina de Bragan\u00e7a\" \/>\n<meta property=\"og:description\" content=\"Privacy Policy We respect your dataPursuant to Regulation (EU) 2016\/679 of 27 April 2016 (General Data Protection Regulation), Col\u00e9gio Catarina de Bragan\u00e7a informs that: Responsability of data processing The personal data of users will be collected and processed by Col\u00e9gio Catarina de Bragan\u00e7a (PTB Education II, S.A., NIPC 515527718). Data collected Only personal data of [&hellip;]\" \/>\n<meta property=\"og:site_name\" content=\"Col\u00e9gio Catarina de Bragan\u00e7a\" \/>\n<meta property=\"article:publisher\" content=\"https:\/\/www.facebook.com\/p\/Colgio-Catarina-Bragana-100063812852547\/?locale=pt_PT\" \/>\n<meta property=\"article:modified_time\" content=\"2025-11-28T15:42:59+00:00\" \/>\n<meta name=\"twitter:card\" content=\"summary_large_image\" \/>\n<meta name=\"twitter:label1\" content=\"Est. reading time\" \/>\n\t<meta name=\"twitter:data1\" content=\"3 minutes\" \/>\n<script type=\"application\/ld+json\" class=\"yoast-schema-graph\">{\"@context\":\"https:\/\/schema.org\",\"@graph\":[{\"@type\":\"WebPage\",\"@id\":\"https:\/\/colegiocatarinabraganca.pt\/en\/privacy-policy\/\",\"url\":\"https:\/\/colegiocatarinabraganca.pt\/en\/privacy-policy\/\",\"name\":\"Privacy Policy - Col\u00e9gio Catarina de Bragan\u00e7a\",\"isPartOf\":{\"@id\":\"https:\/\/colegiocatarinabraganca.pt\/#website\"},\"datePublished\":\"2022-05-03T00:19:05+00:00\",\"dateModified\":\"2025-11-28T15:42:59+00:00\",\"breadcrumb\":{\"@id\":\"https:\/\/colegiocatarinabraganca.pt\/en\/privacy-policy\/#breadcrumb\"},\"inLanguage\":\"en-US\",\"potentialAction\":[{\"@type\":\"ReadAction\",\"target\":[\"https:\/\/colegiocatarinabraganca.pt\/en\/privacy-policy\/\"]}]},{\"@type\":\"BreadcrumbList\",\"@id\":\"https:\/\/colegiocatarinabraganca.pt\/en\/privacy-policy\/#breadcrumb\",\"itemListElement\":[{\"@type\":\"ListItem\",\"position\":1,\"name\":\"Home\",\"item\":\"https:\/\/colegiocatarinabraganca.pt\/en\/home\/\"},{\"@type\":\"ListItem\",\"position\":2,\"name\":\"Privacy Policy\"}]},{\"@type\":\"WebSite\",\"@id\":\"https:\/\/colegiocatarinabraganca.pt\/#website\",\"url\":\"https:\/\/colegiocatarinabraganca.pt\/\",\"name\":\"Col\u00e9gio Catarina de Bragan\u00e7a\",\"description\":\"Juntos mudamos o Mundo\",\"publisher\":{\"@id\":\"https:\/\/colegiocatarinabraganca.pt\/#organization\"},\"potentialAction\":[{\"@type\":\"SearchAction\",\"target\":{\"@type\":\"EntryPoint\",\"urlTemplate\":\"https:\/\/colegiocatarinabraganca.pt\/?s={search_term_string}\"},\"query-input\":{\"@type\":\"PropertyValueSpecification\",\"valueRequired\":true,\"valueName\":\"search_term_string\"}}],\"inLanguage\":\"en-US\"},{\"@type\":\"Organization\",\"@id\":\"https:\/\/colegiocatarinabraganca.pt\/#organization\",\"name\":\"Col\u00e9gio Catarina de Bragan\u00e7a\",\"url\":\"https:\/\/colegiocatarinabraganca.pt\/\",\"logo\":{\"@type\":\"ImageObject\",\"inLanguage\":\"en-US\",\"@id\":\"https:\/\/colegiocatarinabraganca.pt\/#\/schema\/logo\/image\/\",\"url\":\"https:\/\/colegiocatarinabraganca.pt\/wp-content\/uploads\/2025\/01\/cropped-catarinabragancaicon-1.png\",\"contentUrl\":\"https:\/\/colegiocatarinabraganca.pt\/wp-content\/uploads\/2025\/01\/cropped-catarinabragancaicon-1.png\",\"width\":512,\"height\":512,\"caption\":\"Col\u00e9gio Catarina de Bragan\u00e7a\"},\"image\":{\"@id\":\"https:\/\/colegiocatarinabraganca.pt\/#\/schema\/logo\/image\/\"},\"sameAs\":[\"https:\/\/www.facebook.com\/p\/Colgio-Catarina-Bragana-100063812852547\/?locale=pt_PT\",\"https:\/\/www.instagram.com\/colegio_catarina_de_braganca\/\"]}]}<\/script>\n<!-- \/ Yoast SEO plugin. -->","yoast_head_json":{"title":"Privacy Policy - Col\u00e9gio Catarina de Bragan\u00e7a","robots":{"index":"index","follow":"follow","max-snippet":"max-snippet:-1","max-image-preview":"max-image-preview:large","max-video-preview":"max-video-preview:-1"},"canonical":"https:\/\/colegiocatarinabraganca.pt\/en\/privacy-policy\/","og_locale":"en_US","og_type":"article","og_title":"Privacy Policy - Col\u00e9gio Catarina de Bragan\u00e7a","og_description":"Privacy Policy We respect your dataPursuant to Regulation (EU) 2016\/679 of 27 April 2016 (General Data Protection Regulation), Col\u00e9gio Catarina de Bragan\u00e7a informs that: Responsability of data processing The personal data of users will be collected and processed by Col\u00e9gio Catarina de Bragan\u00e7a (PTB Education II, S.A., NIPC 515527718). Data collected Only personal data of [&hellip;]","og_site_name":"Col\u00e9gio Catarina de Bragan\u00e7a","article_publisher":"https:\/\/www.facebook.com\/p\/Colgio-Catarina-Bragana-100063812852547\/?locale=pt_PT","article_modified_time":"2025-11-28T15:42:59+00:00","twitter_card":"summary_large_image","twitter_misc":{"Est. reading time":"3 minutes"},"schema":{"@context":"https:\/\/schema.org","@graph":[{"@type":"WebPage","@id":"https:\/\/colegiocatarinabraganca.pt\/en\/privacy-policy\/","url":"https:\/\/colegiocatarinabraganca.pt\/en\/privacy-policy\/","name":"Privacy Policy - Col\u00e9gio Catarina de Bragan\u00e7a","isPartOf":{"@id":"https:\/\/colegiocatarinabraganca.pt\/#website"},"datePublished":"2022-05-03T00:19:05+00:00","dateModified":"2025-11-28T15:42:59+00:00","breadcrumb":{"@id":"https:\/\/colegiocatarinabraganca.pt\/en\/privacy-policy\/#breadcrumb"},"inLanguage":"en-US","potentialAction":[{"@type":"ReadAction","target":["https:\/\/colegiocatarinabraganca.pt\/en\/privacy-policy\/"]}]},{"@type":"BreadcrumbList","@id":"https:\/\/colegiocatarinabraganca.pt\/en\/privacy-policy\/#breadcrumb","itemListElement":[{"@type":"ListItem","position":1,"name":"Home","item":"https:\/\/colegiocatarinabraganca.pt\/en\/home\/"},{"@type":"ListItem","position":2,"name":"Privacy Policy"}]},{"@type":"WebSite","@id":"https:\/\/colegiocatarinabraganca.pt\/#website","url":"https:\/\/colegiocatarinabraganca.pt\/","name":"Col\u00e9gio Catarina de Bragan\u00e7a","description":"Juntos mudamos o Mundo","publisher":{"@id":"https:\/\/colegiocatarinabraganca.pt\/#organization"},"potentialAction":[{"@type":"SearchAction","target":{"@type":"EntryPoint","urlTemplate":"https:\/\/colegiocatarinabraganca.pt\/?s={search_term_string}"},"query-input":{"@type":"PropertyValueSpecification","valueRequired":true,"valueName":"search_term_string"}}],"inLanguage":"en-US"},{"@type":"Organization","@id":"https:\/\/colegiocatarinabraganca.pt\/#organization","name":"Col\u00e9gio Catarina de Bragan\u00e7a","url":"https:\/\/colegiocatarinabraganca.pt\/","logo":{"@type":"ImageObject","inLanguage":"en-US","@id":"https:\/\/colegiocatarinabraganca.pt\/#\/schema\/logo\/image\/","url":"https:\/\/colegiocatarinabraganca.pt\/wp-content\/uploads\/2025\/01\/cropped-catarinabragancaicon-1.png","contentUrl":"https:\/\/colegiocatarinabraganca.pt\/wp-content\/uploads\/2025\/01\/cropped-catarinabragancaicon-1.png","width":512,"height":512,"caption":"Col\u00e9gio Catarina de Bragan\u00e7a"},"image":{"@id":"https:\/\/colegiocatarinabraganca.pt\/#\/schema\/logo\/image\/"},"sameAs":["https:\/\/www.facebook.com\/p\/Colgio-Catarina-Bragana-100063812852547\/?locale=pt_PT","https:\/\/www.instagram.com\/colegio_catarina_de_braganca\/"]}]}},"_links":{"self":[{"href":"https:\/\/colegiocatarinabraganca.pt\/en\/wp-json\/wp\/v2\/pages\/8945","targetHints":{"allow":["GET"]}}],"collection":[{"href":"https:\/\/colegiocatarinabraganca.pt\/en\/wp-json\/wp\/v2\/pages"}],"about":[{"href":"https:\/\/colegiocatarinabraganca.pt\/en\/wp-json\/wp\/v2\/types\/page"}],"author":[{"embeddable":true,"href":"https:\/\/colegiocatarinabraganca.pt\/en\/wp-json\/wp\/v2\/users\/3"}],"replies":[{"embeddable":true,"href":"https:\/\/colegiocatarinabraganca.pt\/en\/wp-json\/wp\/v2\/comments?post=8945"}],"version-history":[{"count":11,"href":"https:\/\/colegiocatarinabraganca.pt\/en\/wp-json\/wp\/v2\/pages\/8945\/revisions"}],"predecessor-version":[{"id":15022,"href":"https:\/\/colegiocatarinabraganca.pt\/en\/wp-json\/wp\/v2\/pages\/8945\/revisions\/15022"}],"wp:attachment":[{"href":"https:\/\/colegiocatarinabraganca.pt\/en\/wp-json\/wp\/v2\/media?parent=8945"}],"curies":[{"name":"wp","href":"https:\/\/api.w.org\/{rel}","templated":true}]}}